{"id":17,"date":"2024-06-15T11:42:13","date_gmt":"2024-06-15T09:42:13","guid":{"rendered":"https:\/\/www.vcp-tjalken.de\/?page_id=17"},"modified":"2024-06-15T18:24:24","modified_gmt":"2024-06-15T16:24:24","slug":"wer-wir-sind","status":"publish","type":"page","link":"https:\/\/www.vcp-tjalken.de\/?page_id=17","title":{"rendered":"Unser Stamm"},"content":{"rendered":"\t\t<div data-elementor-type=\"wp-page\" data-elementor-id=\"17\" class=\"elementor elementor-17\">\n\t\t\t\t<div class=\"elementor-element elementor-element-34014d32 e-flex e-con-boxed e-con e-parent\" data-id=\"34014d32\" data-element_type=\"container\">\n\t\t\t\t\t<div class=\"e-con-inner\">\n\t\t\t\t<div class=\"elementor-element elementor-element-db2a66c elementor-widget elementor-widget-heading\" data-id=\"db2a66c\" data-element_type=\"widget\" data-widget_type=\"heading.default\">\n\t\t\t\t<div class=\"elementor-widget-container\">\n\t\t\t<style>\/*! elementor - v3.21.0 - 26-05-2024 *\/\n.elementor-heading-title{padding:0;margin:0;line-height:1}.elementor-widget-heading .elementor-heading-title[class*=elementor-size-]>a{color:inherit;font-size:inherit;line-height:inherit}.elementor-widget-heading .elementor-heading-title.elementor-size-small{font-size:15px}.elementor-widget-heading .elementor-heading-title.elementor-size-medium{font-size:19px}.elementor-widget-heading .elementor-heading-title.elementor-size-large{font-size:29px}.elementor-widget-heading .elementor-heading-title.elementor-size-xl{font-size:39px}.elementor-widget-heading .elementor-heading-title.elementor-size-xxl{font-size:59px}<\/style><h2 class=\"elementor-heading-title elementor-size-default\">Unser Stamm<\/h2>\t\t<\/div>\n\t\t\t\t<\/div>\n\t\t\t\t\t<\/div>\n\t\t\t\t<\/div>\n\t\t<div class=\"elementor-element elementor-element-864f128 e-flex e-con-boxed e-con e-parent\" data-id=\"864f128\" data-element_type=\"container\">\n\t\t\t\t\t<div class=\"e-con-inner\">\n\t\t<div class=\"elementor-element elementor-element-e657e57 e-con-full e-flex e-con e-child\" data-id=\"e657e57\" data-element_type=\"container\">\n\t\t\t\t<div class=\"elementor-element elementor-element-badb8c2 elementor-widget elementor-widget-text-editor\" data-id=\"badb8c2\" data-element_type=\"widget\" data-widget_type=\"text-editor.default\">\n\t\t\t\t<div class=\"elementor-widget-container\">\n\t\t\t<style>\/*! elementor - v3.21.0 - 26-05-2024 *\/\n.elementor-widget-text-editor.elementor-drop-cap-view-stacked .elementor-drop-cap{background-color:#69727d;color:#fff}.elementor-widget-text-editor.elementor-drop-cap-view-framed .elementor-drop-cap{color:#69727d;border:3px solid;background-color:transparent}.elementor-widget-text-editor:not(.elementor-drop-cap-view-default) .elementor-drop-cap{margin-top:8px}.elementor-widget-text-editor:not(.elementor-drop-cap-view-default) .elementor-drop-cap-letter{width:1em;height:1em}.elementor-widget-text-editor .elementor-drop-cap{float:left;text-align:center;line-height:1;font-size:50px}.elementor-widget-text-editor .elementor-drop-cap-letter{display:inline-block}<\/style>\t\t\t\t<p>\u00a0<\/p>\n<!-- wp:paragraph -->\n<p>Der Stamm Tjalken ist Teil des <a href=\"https:\/\/www.vcp.de\/\" target=\"_blank\" rel=\"noopener\">Verbands Christlicher Pfadfinder*innen (VCP)<\/a> im <a href=\"https:\/\/vcpbzol.de\/\" target=\"_blank\" rel=\"noopener\">Bezirk Oldenburg<\/a>. Seit der Gr\u00fcndung 1995 findet bei uns aktive Jugendarbeit statt. Unser Stamm ist ein bunter Haufen aus Jung und Alt, in dem viel gemeinsam geplant, angepackt und erlebt wird. Neben w\u00f6chentlichen Gruppenstunden f\u00fcr verschiedene Altersstufen ab der ersten Klasse finden bei uns das ganze Jahr \u00fcber viele Aktionen statt, oft auch mit anderen St\u00e4mmen aus dem Bezirk Oldenburg zusammen.<\/p>\n<!-- \/wp:paragraph --><!-- wp:paragraph -->\n<p>Wir Pfadfinder*innen wollen gemeinsam unsere Gesellschaft und unsere Zukunft erkunden und gestalten. Wir stehen f\u00fcr die grundlegenden Werte einer friedlichen, offenen und bunten Gesellschaft ein. Bei uns lernen Kinder und Jugendliche spielerisch und mit viel Spa\u00df, Verantwortung zu \u00fcbernehmen, sich in die Gruppe einzubringen und ihre eigenen St\u00e4rken zu entdecken. Dabei spielen weder Konfession, Geschlecht oder Herkunft eine Rolle.<\/p>\n<!-- \/wp:paragraph --><!-- wp:paragraph -->\n<p>Zwar ist der VCP als Teil der Evangelischen Jugend Deutschlands protestantisch gepr\u00e4gt, doch finden sich unter den rund 20.000 Kindern und Jugendlichen, die bundesweit aktiv sind, Vertreter*innen aller m\u00f6glichen Glaubensrichtungen. Allen gemeinsam ist das Ziel, die Welt ein St\u00fcck besser zur\u00fcckzulassen, als wir sie vorgefunden haben.<\/p>\n<!-- \/wp:paragraph --><!-- wp:paragraph --><!-- \/wp:paragraph -->\t\t\t\t\t\t<\/div>\n\t\t\t\t<\/div>\n\t\t\t\t<\/div>\n\t\t<div class=\"elementor-element elementor-element-f704bb0 e-con-full e-flex e-con e-child\" data-id=\"f704bb0\" data-element_type=\"container\">\n\t\t\t\t<div class=\"elementor-element elementor-element-429ff40 elementor-widget elementor-widget-image\" data-id=\"429ff40\" data-element_type=\"widget\" data-widget_type=\"image.default\">\n\t\t\t\t<div class=\"elementor-widget-container\">\n\t\t\t<style>\/*! elementor - v3.21.0 - 26-05-2024 *\/\n.elementor-widget-image{text-align:center}.elementor-widget-image a{display:inline-block}.elementor-widget-image a img[src$=\".svg\"]{width:48px}.elementor-widget-image img{vertical-align:middle;display:inline-block}<\/style>\t\t\t\t\t\t\t\t\t\t<img fetchpriority=\"high\" decoding=\"async\" width=\"707\" height=\"1024\" src=\"https:\/\/www.vcp-tjalken.de\/wp-content\/uploads\/2024\/06\/1680-3036-max.1-707x1024.jpg\" class=\"attachment-large size-large wp-image-145\" alt=\"\" srcset=\"https:\/\/www.vcp-tjalken.de\/wp-content\/uploads\/2024\/06\/1680-3036-max.1-707x1024.jpg 707w, https:\/\/www.vcp-tjalken.de\/wp-content\/uploads\/2024\/06\/1680-3036-max.1-207x300.jpg 207w, https:\/\/www.vcp-tjalken.de\/wp-content\/uploads\/2024\/06\/1680-3036-max.1-768x1112.jpg 768w, https:\/\/www.vcp-tjalken.de\/wp-content\/uploads\/2024\/06\/1680-3036-max.1-1061x1536.jpg 1061w, https:\/\/www.vcp-tjalken.de\/wp-content\/uploads\/2024\/06\/1680-3036-max.1-1415x2048.jpg 1415w, https:\/\/www.vcp-tjalken.de\/wp-content\/uploads\/2024\/06\/1680-3036-max.1.jpg 1680w\" sizes=\"(max-width: 707px) 100vw, 707px\" \/>\t\t\t\t\t\t\t\t\t\t\t\t\t<\/div>\n\t\t\t\t<\/div>\n\t\t\t\t<\/div>\n\t\t<div class=\"elementor-element elementor-element-e407912 e-con-full e-flex e-con e-child\" data-id=\"e407912\" data-element_type=\"container\">\n\t\t\t\t<div class=\"elementor-element elementor-element-742adaa elementor-widget elementor-widget-image\" data-id=\"742adaa\" data-element_type=\"widget\" data-widget_type=\"image.default\">\n\t\t\t\t<div class=\"elementor-widget-container\">\n\t\t\t\t\t\t\t\t\t\t\t\t\t<img decoding=\"async\" width=\"800\" height=\"600\" src=\"https:\/\/www.vcp-tjalken.de\/wp-content\/uploads\/2024\/06\/IMG-20200821-WA0030-2-1024x768.jpg\" class=\"attachment-large size-large wp-image-79\" alt=\"\" srcset=\"https:\/\/www.vcp-tjalken.de\/wp-content\/uploads\/2024\/06\/IMG-20200821-WA0030-2-1024x768.jpg 1024w, https:\/\/www.vcp-tjalken.de\/wp-content\/uploads\/2024\/06\/IMG-20200821-WA0030-2-300x225.jpg 300w, https:\/\/www.vcp-tjalken.de\/wp-content\/uploads\/2024\/06\/IMG-20200821-WA0030-2-768x576.jpg 768w, https:\/\/www.vcp-tjalken.de\/wp-content\/uploads\/2024\/06\/IMG-20200821-WA0030-2-1536x1152.jpg 1536w, https:\/\/www.vcp-tjalken.de\/wp-content\/uploads\/2024\/06\/IMG-20200821-WA0030-2.jpg 1600w\" sizes=\"(max-width: 800px) 100vw, 800px\" \/>\t\t\t\t\t\t\t\t\t\t\t\t\t<\/div>\n\t\t\t\t<\/div>\n\t\t\t\t<\/div>\n\t\t<div class=\"elementor-element elementor-element-aef0477 e-con-full e-flex e-con e-child\" data-id=\"aef0477\" data-element_type=\"container\">\n\t\t\t\t<div class=\"elementor-element elementor-element-216871f elementor-widget elementor-widget-image\" data-id=\"216871f\" data-element_type=\"widget\" data-widget_type=\"image.default\">\n\t\t\t\t<div class=\"elementor-widget-container\">\n\t\t\t\t\t\t\t\t\t\t\t\t\t<img decoding=\"async\" width=\"800\" height=\"600\" src=\"https:\/\/www.vcp-tjalken.de\/wp-content\/uploads\/2024\/06\/IMG_9359-1024x768.jpg\" class=\"attachment-large size-large wp-image-143\" alt=\"\" srcset=\"https:\/\/www.vcp-tjalken.de\/wp-content\/uploads\/2024\/06\/IMG_9359-1024x768.jpg 1024w, https:\/\/www.vcp-tjalken.de\/wp-content\/uploads\/2024\/06\/IMG_9359-300x225.jpg 300w, https:\/\/www.vcp-tjalken.de\/wp-content\/uploads\/2024\/06\/IMG_9359-768x576.jpg 768w, https:\/\/www.vcp-tjalken.de\/wp-content\/uploads\/2024\/06\/IMG_9359-1536x1152.jpg 1536w, https:\/\/www.vcp-tjalken.de\/wp-content\/uploads\/2024\/06\/IMG_9359-2048x1536.jpg 2048w\" sizes=\"(max-width: 800px) 100vw, 800px\" \/>\t\t\t\t\t\t\t\t\t\t\t\t\t<\/div>\n\t\t\t\t<\/div>\n\t\t\t\t<\/div>\n\t\t<div class=\"elementor-element elementor-element-f01e5f7 e-con-full e-flex e-con e-child\" data-id=\"f01e5f7\" data-element_type=\"container\">\n\t\t\t\t<div class=\"elementor-element elementor-element-bef51e8 elementor-widget elementor-widget-image\" data-id=\"bef51e8\" data-element_type=\"widget\" data-widget_type=\"image.default\">\n\t\t\t\t<div class=\"elementor-widget-container\">\n\t\t\t\t\t\t\t\t\t\t\t\t\t<img loading=\"lazy\" decoding=\"async\" width=\"800\" height=\"600\" src=\"https:\/\/www.vcp-tjalken.de\/wp-content\/uploads\/2024\/06\/IMG-20190727-WA0036-1024x768.jpg\" class=\"attachment-large size-large wp-image-144\" alt=\"\" srcset=\"https:\/\/www.vcp-tjalken.de\/wp-content\/uploads\/2024\/06\/IMG-20190727-WA0036-1024x768.jpg 1024w, https:\/\/www.vcp-tjalken.de\/wp-content\/uploads\/2024\/06\/IMG-20190727-WA0036-300x225.jpg 300w, https:\/\/www.vcp-tjalken.de\/wp-content\/uploads\/2024\/06\/IMG-20190727-WA0036-768x576.jpg 768w, https:\/\/www.vcp-tjalken.de\/wp-content\/uploads\/2024\/06\/IMG-20190727-WA0036-1536x1152.jpg 1536w, https:\/\/www.vcp-tjalken.de\/wp-content\/uploads\/2024\/06\/IMG-20190727-WA0036.jpg 1600w\" sizes=\"(max-width: 800px) 100vw, 800px\" \/>\t\t\t\t\t\t\t\t\t\t\t\t\t<\/div>\n\t\t\t\t<\/div>\n\t\t\t\t<\/div>\n\t\t\t\t\t<\/div>\n\t\t\t\t<\/div>\n\t\t\t\t<\/div>\n\t\t","protected":false},"excerpt":{"rendered":"<p>Unser Stamm \u00a0 Der Stamm Tjalken ist Teil des Verbands Christlicher Pfadfinder*innen (VCP) im Bezirk Oldenburg. Seit der Gr\u00fcndung 1995 findet bei uns aktive Jugendarbeit statt. Unser Stamm ist ein bunter Haufen aus Jung und Alt, in dem viel gemeinsam geplant, angepackt und erlebt wird. Neben w\u00f6chentlichen Gruppenstunden f\u00fcr verschiedene Altersstufen ab der ersten Klasse [&hellip;]<\/p>\n","protected":false},"author":2,"featured_media":0,"parent":0,"menu_order":0,"comment_status":"closed","ping_status":"closed","template":"","meta":{"footnotes":""},"class_list":["post-17","page","type-page","status-publish","hentry"],"_links":{"self":[{"href":"https:\/\/www.vcp-tjalken.de\/index.php?rest_route=\/wp\/v2\/pages\/17","targetHints":{"allow":["GET"]}}],"collection":[{"href":"https:\/\/www.vcp-tjalken.de\/index.php?rest_route=\/wp\/v2\/pages"}],"about":[{"href":"https:\/\/www.vcp-tjalken.de\/index.php?rest_route=\/wp\/v2\/types\/page"}],"author":[{"embeddable":true,"href":"https:\/\/www.vcp-tjalken.de\/index.php?rest_route=\/wp\/v2\/users\/2"}],"replies":[{"embeddable":true,"href":"https:\/\/www.vcp-tjalken.de\/index.php?rest_route=%2Fwp%2Fv2%2Fcomments&post=17"}],"version-history":[{"count":13,"href":"https:\/\/www.vcp-tjalken.de\/index.php?rest_route=\/wp\/v2\/pages\/17\/revisions"}],"predecessor-version":[{"id":148,"href":"https:\/\/www.vcp-tjalken.de\/index.php?rest_route=\/wp\/v2\/pages\/17\/revisions\/148"}],"wp:attachment":[{"href":"https:\/\/www.vcp-tjalken.de\/index.php?rest_route=%2Fwp%2Fv2%2Fmedia&parent=17"}],"curies":[{"name":"wp","href":"https:\/\/api.w.org\/{rel}","templated":true}]}}