{"id":24,"date":"2024-06-15T11:42:13","date_gmt":"2024-06-15T09:42:13","guid":{"rendered":"https:\/\/www.vcp-tjalken.de\/?page_id=24"},"modified":"2024-06-15T17:35:36","modified_gmt":"2024-06-15T15:35:36","slug":"impressum","status":"publish","type":"page","link":"https:\/\/www.vcp-tjalken.de\/?page_id=24","title":{"rendered":"Impressum"},"content":{"rendered":"\n<p><strong>Verantwortlich f\u00fcr diese Seiten<\/strong><\/p>\n\n\n\n<p>VCP Idafehn &#8211; Stamm Tjalken e.V.<br>AG Aurich VR 200185<br>Carsten Bloedorn f\u00fcr VCP Idafehn &#8211; Stamm Tjalken<br>Idafehn Nord 2<br>26842 Ostrhauderfehn \/ Idafehn<\/p>\n\n\n\n<p>Tel: 04952 \/ 5268 (ev. Kirchengemeinde Idafehn)<\/p>\n\n\n\n<p>E-Mail: stammesleitung@vcp-tjalken.de<\/p>\n\n\n\n<h2 class=\"wp-block-heading\">Vertreten durch:<\/h2>\n\n\n\n<ul class=\"wp-block-list\">\n<li>Carsten Bloedorn f\u00fcr VCP Idafehn &#8211; Stamm Tjalken<\/li>\n<\/ul>\n\n\n\n<h2 class=\"wp-block-heading\">Verantwortlich f\u00fcr den Inhalt nach \u00a7 55 Abs. 2 RStV:<\/h2>\n\n\n\n<p>Inga M\u00f6bius<\/p>\n\n\n\n<h2 class=\"wp-block-heading\">Haftungshinweis<\/h2>\n\n\n\n<p>Trotz sorgf\u00e4ltiger inhaltlicher Kontrolle \u00fcbernehmen wir keine Haftung f\u00fcr die Inhalte externer Links. F\u00fcr den Inhalt der verlinkten Seiten sind ausschlie\u00dflich deren Betreiber verantwortlich.<\/p>\n\n\n\n<p>\u00dcber Anregungen, Tipps, W\u00fcnsche, Fragen, Kritik und Lob freut sich die&nbsp;Redaktion&nbsp;jederzeit!<\/p>\n\n\n\n<p>Wir weisen darauf hin, dass die in dieser Publikation verwendeten Soft- und Hardwarebezeichnungen und Markennamen der jeweiligen Firmen im Allgemeinen warenzeichen-, marken- oder patentrechtlichen Schutz unterliegen.<\/p>\n","protected":false},"excerpt":{"rendered":"<p>Verantwortlich f\u00fcr diese Seiten VCP Idafehn &#8211; Stamm Tjalken e.V.AG Aurich VR 200185Carsten Bloedorn f\u00fcr VCP Idafehn &#8211; Stamm TjalkenIdafehn Nord 226842 Ostrhauderfehn \/ Idafehn Tel: 04952 \/ 5268 (ev. Kirchengemeinde Idafehn) E-Mail: stammesleitung@vcp-tjalken.de Vertreten durch: Verantwortlich f\u00fcr den Inhalt nach \u00a7 55 Abs. 2 RStV: Inga M\u00f6bius Haftungshinweis Trotz sorgf\u00e4ltiger inhaltlicher Kontrolle \u00fcbernehmen wir [&hellip;]<\/p>\n","protected":false},"author":2,"featured_media":0,"parent":0,"menu_order":0,"comment_status":"closed","ping_status":"closed","template":"","meta":{"footnotes":""},"class_list":["post-24","page","type-page","status-publish","hentry"],"_links":{"self":[{"href":"https:\/\/www.vcp-tjalken.de\/index.php?rest_route=\/wp\/v2\/pages\/24","targetHints":{"allow":["GET"]}}],"collection":[{"href":"https:\/\/www.vcp-tjalken.de\/index.php?rest_route=\/wp\/v2\/pages"}],"about":[{"href":"https:\/\/www.vcp-tjalken.de\/index.php?rest_route=\/wp\/v2\/types\/page"}],"author":[{"embeddable":true,"href":"https:\/\/www.vcp-tjalken.de\/index.php?rest_route=\/wp\/v2\/users\/2"}],"replies":[{"embeddable":true,"href":"https:\/\/www.vcp-tjalken.de\/index.php?rest_route=%2Fwp%2Fv2%2Fcomments&post=24"}],"version-history":[{"count":1,"href":"https:\/\/www.vcp-tjalken.de\/index.php?rest_route=\/wp\/v2\/pages\/24\/revisions"}],"predecessor-version":[{"id":110,"href":"https:\/\/www.vcp-tjalken.de\/index.php?rest_route=\/wp\/v2\/pages\/24\/revisions\/110"}],"wp:attachment":[{"href":"https:\/\/www.vcp-tjalken.de\/index.php?rest_route=%2Fwp%2Fv2%2Fmedia&parent=24"}],"curies":[{"name":"wp","href":"https:\/\/api.w.org\/{rel}","templated":true}]}}